{"id":476,"date":"2026-01-13T08:19:13","date_gmt":"2026-01-13T13:19:13","guid":{"rendered":"https:\/\/cciha.global\/?page_id=476"},"modified":"2026-01-15T16:40:28","modified_gmt":"2026-01-15T21:40:28","slug":"campagne-de-collecte-de-fonds","status":"publish","type":"page","link":"https:\/\/cciha.global\/en\/campagne-de-collecte-de-fonds\/","title":{"rendered":"Fundraising campaign"},"content":{"rendered":"<div class=\"wp-block-cover alignfull is-light\"><video class=\"wp-block-cover__video-background intrinsic-ignore\" autoplay muted loop playsinline src=\"https:\/\/videos.files.wordpress.com\/Byv66Kk7\/minimalist-red-white-subscribe-button-animation-video_20260105_030430_0000-2.mp4\" data-object-fit=\"cover\"><\/video><span aria-hidden=\"true\" class=\"wp-block-cover__background has-background-dim\" style=\"background-color:#ffffff\"><\/span><div class=\"wp-block-cover__inner-container has-global-padding is-layout-constrained wp-block-cover-is-layout-constrained\">\n<p class=\"has-large-font-size wp-block-paragraph\"><\/p>\n<\/div><\/div>\n\n\n\n<div class=\"wp-block-columns is-layout-flex wp-container-core-columns-is-layout-f566a375 wp-block-columns-is-layout-flex\" style=\"padding-top:0;padding-bottom:0\">\n<div class=\"wp-block-column is-vertically-aligned-stretch is-layout-flow wp-block-column-is-layout-flow\" style=\"flex-basis:60%\"><figure style=\"aspect-ratio:16\/9;width:100%;height:100%;\" class=\"wp-block-post-featured-image\"><a href=\"https:\/\/cciha.global\/en\/campagne-de-collecte-de-fonds\/\" target=\"_self\" rel=\"https:\/\/cciha.global\/?post_type=give_forms&amp;p=516\" style=\"height:100%\"><img data-recalc-dims=\"1\" loading=\"lazy\" decoding=\"async\" width=\"1040\" height=\"1300\" src=\"https:\/\/i0.wp.com\/cciha.global\/wp-content\/uploads\/2025\/12\/pexels-photo-2799537-2.jpeg?resize=1040%2C1300&#038;ssl=1\" class=\"attachment-post-thumbnail size-post-thumbnail wp-post-image\" alt=\"Campagne de collecte de fonds\" style=\"border-radius:8px;width:100%;height:100%;object-fit:cover;\" data-attachment-id=\"70\" data-permalink=\"https:\/\/cciha.global\/en\/home\/pexels-photo-2799537-2\/\" data-orig-file=\"https:\/\/i0.wp.com\/cciha.global\/wp-content\/uploads\/2025\/12\/pexels-photo-2799537-2.jpeg?fit=1040%2C1300&amp;ssl=1\" data-orig-size=\"1040,1300\" data-comments-opened=\"1\" data-image-meta=\"{&quot;aperture&quot;:&quot;0&quot;,&quot;credit&quot;:&quot;&quot;,&quot;camera&quot;:&quot;&quot;,&quot;caption&quot;:&quot;&quot;,&quot;created_timestamp&quot;:&quot;0&quot;,&quot;copyright&quot;:&quot;&quot;,&quot;focal_length&quot;:&quot;0&quot;,&quot;iso&quot;:&quot;0&quot;,&quot;shutter_speed&quot;:&quot;0&quot;,&quot;title&quot;:&quot;&quot;,&quot;orientation&quot;:&quot;0&quot;}\" data-image-title=\"homme a l aide d une tablette\" data-image-description=\"\" data-image-caption=\"&lt;p&gt;Photo de Mudassir Ali sur &lt;a href=&quot;https:\/\/www.pexels.com\/fr-fr\/photo\/homme-a-l-aide-d-une-tablette-2799537\/&quot; rel=&quot;nofollow&quot;&gt;Pexels.com&lt;\/a&gt;&lt;\/p&gt;\" data-large-file=\"https:\/\/i0.wp.com\/cciha.global\/wp-content\/uploads\/2025\/12\/pexels-photo-2799537-2.jpeg?fit=819%2C1024&amp;ssl=1\" \/><\/a><\/figure><\/div>\n\n\n\n<div class=\"wp-block-column is-vertically-aligned-stretch is-layout-flow wp-block-column-is-layout-flow\">\n<div class=\"wp-block-group is-vertical is-content-justification-stretch is-layout-flex wp-container-core-group-is-layout-0c7f15dc wp-block-group-is-layout-flex\" style=\"min-height:100%\">\n<div style=\"--givewp-primary-color: #0b72d9; --givewp-secondary-color: #27ae60;\" class=\"wp-block-givewp-campaign-goal\">\n    <div data-givewp-campaign-goal data-id=\"1\"><\/div>\n<\/div>\n\n\n\n<div class=\"wp-block-group wp-container-content-9cfa9a5a is-vertical is-layout-flex wp-container-core-group-is-layout-006f131a wp-block-group-is-layout-flex\">\n<div class=\"givewp-campaign-stats-block wp-block-givewp-campaign-stats-block\">\n    <span>Top Donation<\/span>\n    <strong>$0.00<\/strong>\n<\/div>\n\n\n\n<div class=\"givewp-campaign-stats-block wp-block-givewp-campaign-stats-block\">\n    <span>Average Donation<\/span>\n    <strong>$0.00<\/strong>\n<\/div>\n<\/div>\n\n\n\n<div style=\"--givewp-primary-color: #0b72d9;\" class=\"givewp-campaign-donate-button-block wp-block-givewp-campaign-donate-button\">\n    <button type=\"button\" class=\"givewp-donation-form-modal__open\">Donate<\/button><\/div>\n<\/div>\n<\/div>\n<\/div>\n\n\n\n<p class=\"wp-block-paragraph\"><\/p>\n\n\n<div\n    class=\"givewp-campaign-donations-block wp-block-givewp-campaign-donations\"    style=\"--givewp-primary-color: #0b72d9; --givewp-secondary-color: #27ae60;\">\n    <div class=\"givewp-campaign-donations-block__header\">\n        <h2 class=\"givewp-campaign-donations-block__title\">Recent Donations<\/h2>\n            <\/div>\n\n            <div class=\"givewp-campaign-donations-block__empty-state\">\n            <h3 class=\"givewp-campaign-donations-block__empty-title\">\n                Every campaign starts with one donation.            <\/h3>\n            <p class=\"givewp-campaign-donations-block__empty-description\">\n                Be the one to make it happen!            <\/p>\n\n            <div class=\"givewp-campaign-donations-block__empty-icon\">\n                <img decoding=\"async\"\n                    src=\"https:\/\/cciha.global\/wp-content\/plugins\/give\/src\/Campaigns\/Blocks\/CampaignDonations\/resources\/icons\/empty-state.svg\"\n                    alt=\"Empty state icon\"\n                \/>\n            <\/div>\n\n                            <div class=\"givewp-campaign-donations-block__empty-button\">\n                    <button type=\"button\" class=\"givewp-donation-form-modal__open\">Be the first<\/button>                <\/div>\n                    <\/div>\n    <\/div>\n\n\n<div\n    class=\"givewp-campaign-donors-block wp-block-givewp-campaign-donors\"    style=\"--givewp-primary-color: #0b72d9; --givewp-secondary-color: #27ae60;\">\n    <div class=\"givewp-campaign-donors-block__header\">\n        <h2 class=\"givewp-campaign-donors-block__title\">Top Donors<\/h2>\n            <\/div>\n\n            <div class=\"givewp-campaign-donors-block__empty-state\">\n            <h3 class=\"givewp-campaign-donors-block__empty-title\">\n                No top donors listed yet.            <\/h3>\n            <p class=\"givewp-campaign-donors-block__empty-description\">\n                Be one of the first to make an impact!            <\/p>\n\n            <div class=\"givewp-campaign-donors-block__empty-icon\">\n                <img decoding=\"async\"\n                    src=\"https:\/\/cciha.global\/wp-content\/plugins\/give\/src\/Campaigns\/Blocks\/CampaignDonors\/resources\/icons\/empty-state.svg\"\n                    alt=\"Empty state icon\"\n                \/>\n            <\/div>\n\n                            <div class=\"givewp-campaign-donors-block__empty-button\">\n                    <button type=\"button\" class=\"givewp-donation-form-modal__open\">Be the first donor<\/button>                <\/div>\n                    <\/div>\n    <\/div>","protected":false},"excerpt":{"rendered":"","protected":false},"author":258727748,"featured_media":70,"parent":0,"menu_order":0,"comment_status":"closed","ping_status":"closed","template":"","meta":{"give_campaign_id":1,"_bbp_topic_count":0,"_bbp_reply_count":0,"_bbp_total_topic_count":0,"_bbp_total_reply_count":0,"_bbp_voice_count":0,"_bbp_anonymous_reply_count":0,"_bbp_topic_count_hidden":0,"_bbp_reply_count_hidden":0,"_bbp_forum_subforum_count":0,"_crdt_document":"","advanced_seo_description":"","jetpack_seo_html_title":"","jetpack_seo_noindex":false,"footnotes":"","big_sky_generated":false},"class_list":["post-476","page","type-page","status-publish","has-post-thumbnail","hentry"],"campaignId":"1","jetpack_likes_enabled":true,"jetpack_sharing_enabled":true,"jetpack_shortlink":"https:\/\/wp.me\/PgZSQ5-7G","jetpack-related-posts":[{"id":13,"url":"https:\/\/cciha.global\/en\/dons\/","url_meta":{"origin":476,"position":0},"title":"Don","author":"Danielot Pierre","date":"21\/12\/2025","format":false,"excerpt":"Dons et soutien D\u00e9couvrez, \u00e0 travers nos campagnes de don, comment vous pouvez contribuez activement au renforcement des relations \u00e9conomiques, culturelles et entrepreneuriales entre Ha\u00efti et l'Afrique. Supportez n'importe quelle initiative de votre choix. La transparence et la responsabilit\u00e9 sont au coeur de notre engagement. Les fonds collectes sont g\u00e9r\u00e9s\u2026","rel":"","context":"Similar post","block_context":{"text":"Similar post","link":""},"img":{"alt_text":"","src":"https:\/\/i0.wp.com\/cciha.global\/wp-content\/uploads\/2025\/12\/img-20251228-wa0030.jpg?resize=350%2C200&ssl=1","width":350,"height":200,"srcset":"https:\/\/i0.wp.com\/cciha.global\/wp-content\/uploads\/2025\/12\/img-20251228-wa0030.jpg?resize=350%2C200&ssl=1 1x, https:\/\/i0.wp.com\/cciha.global\/wp-content\/uploads\/2025\/12\/img-20251228-wa0030.jpg?resize=525%2C300&ssl=1 1.5x, https:\/\/i0.wp.com\/cciha.global\/wp-content\/uploads\/2025\/12\/img-20251228-wa0030.jpg?resize=700%2C400&ssl=1 2x, https:\/\/i0.wp.com\/cciha.global\/wp-content\/uploads\/2025\/12\/img-20251228-wa0030.jpg?resize=1050%2C600&ssl=1 3x, https:\/\/i0.wp.com\/cciha.global\/wp-content\/uploads\/2025\/12\/img-20251228-wa0030.jpg?resize=1400%2C800&ssl=1 4x"},"classes":[]}],"_links":{"self":[{"href":"https:\/\/cciha.global\/en\/wp-json\/wp\/v2\/pages\/476","targetHints":{"allow":["GET"]}}],"collection":[{"href":"https:\/\/cciha.global\/en\/wp-json\/wp\/v2\/pages"}],"about":[{"href":"https:\/\/cciha.global\/en\/wp-json\/wp\/v2\/types\/page"}],"author":[{"embeddable":true,"href":"https:\/\/cciha.global\/en\/wp-json\/wp\/v2\/users\/258727748"}],"replies":[{"embeddable":true,"href":"https:\/\/cciha.global\/en\/wp-json\/wp\/v2\/comments?post=476"}],"version-history":[{"count":5,"href":"https:\/\/cciha.global\/en\/wp-json\/wp\/v2\/pages\/476\/revisions"}],"predecessor-version":[{"id":566,"href":"https:\/\/cciha.global\/en\/wp-json\/wp\/v2\/pages\/476\/revisions\/566"}],"wp:featuredmedia":[{"embeddable":true,"href":"https:\/\/cciha.global\/en\/wp-json\/wp\/v2\/media\/70"}],"wp:attachment":[{"href":"https:\/\/cciha.global\/en\/wp-json\/wp\/v2\/media?parent=476"}],"curies":[{"name":"wp","href":"https:\/\/api.w.org\/{rel}","templated":true}]}}