{"id":16,"date":"2025-12-21T18:15:00","date_gmt":"2025-12-21T23:15:00","guid":{"rendered":"https:\/\/cciha.global\/contact\/"},"modified":"2026-01-01T18:40:06","modified_gmt":"2026-01-01T23:40:06","slug":"contact","status":"publish","type":"page","link":"https:\/\/cciha.global\/en\/contact\/","title":{"rendered":"Contact"},"content":{"rendered":"<div class=\"wp-block-cover alignfull\"><span aria-hidden=\"true\" class=\"wp-block-cover__background has-background-dim\"><\/span><div class=\"wp-block-cover__inner-container is-layout-flow wp-block-cover-is-layout-flow\">\n<div class=\"wp-block-group alignfull is-style-default has-global-padding is-content-justification-center is-layout-constrained wp-block-group-is-layout-constrained\" style=\"margin-top:0;margin-bottom:0;padding-top:var(--wp--preset--spacing--40);padding-bottom:var(--wp--preset--spacing--40)\">\n<div class=\"wp-block-jetpack-map alignfull\" data-map-id=\"jp-map-1\" data-map-provider=\"mapkit\" data-api-key=\"pk.eyJ1IjoiYXV0b21hdHRpYyIsImEiOiJjazVpZjA5aWswYTFvM21sOWtzNW1rNG9lIn0.Gu-sp4wRxnnQB-Qa8CpuZQ\" data-map-style=\"default\" data-blog-id=\"251170189\"><ul><li><a href=\"https:\/\/www.google.com\/maps\/search\/?api=1&amp;query=18.5577739,-72.2975905\">Delmas, Haiti<\/a><\/li><li><a href=\"https:\/\/www.google.com\/maps\/search\/?api=1&amp;query=41.81464294227362,12.605165410879062\">Via del Fontanile Anagnino H 6023, Rome, Italy<\/a><\/li><\/ul><\/div>\n<\/div>\n<\/div><\/div>\n\n\n\n<div class=\"wp-block-group alignfull has-global-padding is-content-justification-center is-layout-constrained wp-block-group-is-layout-constrained\" style=\"margin-top:0;margin-bottom:0;padding-top:var(--wp--preset--spacing--40);padding-bottom:var(--wp--preset--spacing--40)\">\n<div class=\"wp-block-group has-global-padding is-layout-constrained wp-container-core-group-is-layout-b107cbac wp-block-group-is-layout-constrained\">\n<div class=\"wp-block-group alignwide is-vertical is-content-justification-center is-layout-flex wp-container-core-group-is-layout-165e640f wp-block-group-is-layout-flex\">\n<h2 class=\"wp-block-heading alignwide has-text-align-center is-contact-section-name\" style=\"margin-top:0;margin-bottom:0\">Nous contactez<\/h2>\n\n\n\n<p class=\"has-text-align-center is-contact-description wp-block-paragraph\">Pour toute demande, suggestion ou collaboration, contactez-nous via ce formulaire ou par les canaux officiels. Notre \u00e9quipe internationale r\u00e9pondra rapidement<\/p>\n<\/div>\n\n\n<div class=\"wp-block-jetpack-contact-form is-style-default is-layout-flex wp-container-jetpack-contact-form-is-layout-1a653187 wp-block-jetpack-contact-form-is-layout-flex\"><a href=\"https:\/\/cciha.global\/en\/contact\/\" target=\"_blank\" rel=\"noopener noreferrer\">Submit a form.<\/a><\/div><\/div>\n<\/div>","protected":false},"excerpt":{"rendered":"<p>Nous contactez Pour toute demande, suggestion ou collaboration, contactez-nous via ce formulaire ou par les canaux officiels. Notre \u00e9quipe internationale r\u00e9pondra rapidement<\/p>","protected":false},"author":258727748,"featured_media":0,"parent":0,"menu_order":8,"comment_status":"closed","ping_status":"closed","template":"","meta":{"give_campaign_id":0,"_bbp_topic_count":0,"_bbp_reply_count":0,"_bbp_total_topic_count":0,"_bbp_total_reply_count":0,"_bbp_voice_count":0,"_bbp_anonymous_reply_count":0,"_bbp_topic_count_hidden":0,"_bbp_reply_count_hidden":0,"_bbp_forum_subforum_count":0,"_crdt_document":"","advanced_seo_description":"","jetpack_seo_html_title":"","jetpack_seo_noindex":false,"footnotes":"","big_sky_generated":true},"class_list":["post-16","page","type-page","status-publish","hentry"],"campaignId":"","jetpack_likes_enabled":true,"jetpack_sharing_enabled":true,"jetpack_shortlink":"https:\/\/wp.me\/PgZSQ5-g","jetpack-related-posts":[{"id":473,"url":"https:\/\/cciha.global\/en\/le-don-a-echoue\/","url_meta":{"origin":16,"position":0},"title":"Le don a \u00e9chou\u00e9","author":"","date":"07\/01\/2026","format":false,"excerpt":"Nous sommes d\u00e9sol\u00e9s, mais votre transaction a \u00e9chou\u00e9. Veuillez essayer \u00e0 nouveau ou contacter l\u2019assistance du site.","rel":"","context":"Similar post","block_context":{"text":"Similar post","link":""},"img":{"alt_text":"","src":"","width":0,"height":0},"classes":[]},{"id":427,"url":"https:\/\/cciha.global\/en\/formulaires-jetpack\/","url_meta":{"origin":16,"position":1},"title":"Formulaires Adh\u00e9sion","author":"Lionel Calas","date":"05\/01\/2026","format":false,"excerpt":"Formulaire d'adh\u00e9sion Glissez-d\u00e9posez un fichier ici ou cliquez pour s\u00e9lectionner un fichier. Glissez-d\u00e9posez un fichier ici ou cliquez pour s\u00e9lectionner un fichier. Glissez-d\u00e9posez un fichier ici ou cliquez pour s\u00e9lectionner un fichier. Glissez-d\u00e9posez un fichier ici ou cliquez pour s\u00e9lectionner un fichier. Glissez-d\u00e9posez un fichier ici ou cliquez pour s\u00e9lectionner\u2026","rel":"","context":"Similar post","block_context":{"text":"Similar post","link":""},"img":{"alt_text":"","src":"","width":0,"height":0},"classes":[]},{"id":4,"url":"https:\/\/cciha.global\/en\/","url_meta":{"origin":16,"position":2},"title":"Chamber of Commerce","author":"Lionel Calas","date":"21\/12\/2025","format":false,"excerpt":"\u00c0 propos \u00c0 propos D\u00e9couvrir PLus qu'une institution, La Chambre de Commerce et d'Industrie Ha\u00eftiano\u2013Africaine est d\u00e9di\u00e9e \u00e0 la promotion des \u00e9changes \u00e9conomiques, diplomatique et culturels entre Ha\u00efti, l'Afrique et la diaspora. Nous rassemblons entrepreneurs, investisseurs, institutions publique et priv\u00e9es, acteurs culturels, universit\u00e9s, ONG, centre de recherche pour batir un\u2026","rel":"","context":"Similar post","block_context":{"text":"Similar post","link":""},"img":{"alt_text":"","src":"https:\/\/i0.wp.com\/cciha.global\/wp-content\/uploads\/2025\/12\/img-20251228-wa0014.jpg?resize=350%2C200&ssl=1","width":350,"height":200,"srcset":"https:\/\/i0.wp.com\/cciha.global\/wp-content\/uploads\/2025\/12\/img-20251228-wa0014.jpg?resize=350%2C200&ssl=1 1x, https:\/\/i0.wp.com\/cciha.global\/wp-content\/uploads\/2025\/12\/img-20251228-wa0014.jpg?resize=525%2C300&ssl=1 1.5x, https:\/\/i0.wp.com\/cciha.global\/wp-content\/uploads\/2025\/12\/img-20251228-wa0014.jpg?resize=700%2C400&ssl=1 2x, https:\/\/i0.wp.com\/cciha.global\/wp-content\/uploads\/2025\/12\/img-20251228-wa0014.jpg?resize=1050%2C600&ssl=1 3x, https:\/\/i0.wp.com\/cciha.global\/wp-content\/uploads\/2025\/12\/img-20251228-wa0014.jpg?resize=1400%2C800&ssl=1 4x"},"classes":[]}],"_links":{"self":[{"href":"https:\/\/cciha.global\/en\/wp-json\/wp\/v2\/pages\/16","targetHints":{"allow":["GET"]}}],"collection":[{"href":"https:\/\/cciha.global\/en\/wp-json\/wp\/v2\/pages"}],"about":[{"href":"https:\/\/cciha.global\/en\/wp-json\/wp\/v2\/types\/page"}],"author":[{"embeddable":true,"href":"https:\/\/cciha.global\/en\/wp-json\/wp\/v2\/users\/258727748"}],"replies":[{"embeddable":true,"href":"https:\/\/cciha.global\/en\/wp-json\/wp\/v2\/comments?post=16"}],"version-history":[{"count":8,"href":"https:\/\/cciha.global\/en\/wp-json\/wp\/v2\/pages\/16\/revisions"}],"predecessor-version":[{"id":242,"href":"https:\/\/cciha.global\/en\/wp-json\/wp\/v2\/pages\/16\/revisions\/242"}],"wp:attachment":[{"href":"https:\/\/cciha.global\/en\/wp-json\/wp\/v2\/media?parent=16"}],"curies":[{"name":"wp","href":"https:\/\/api.w.org\/{rel}","templated":true}]}}