{"id":15,"date":"2025-12-21T18:15:00","date_gmt":"2025-12-21T23:15:00","guid":{"rendered":"https:\/\/cciha.global\/partenaires\/"},"modified":"2026-01-05T15:15:41","modified_gmt":"2026-01-05T20:15:41","slug":"partenaires","status":"publish","type":"page","link":"https:\/\/cciha.global\/en\/partenaires\/","title":{"rendered":"Partners"},"content":{"rendered":"<div class=\"wp-block-group alignfull is-style-default has-global-padding is-content-justification-center is-layout-constrained wp-block-group-is-layout-constrained\" style=\"margin-top:0;margin-bottom:0;padding-top:var(--wp--preset--spacing--40);padding-bottom:var(--wp--preset--spacing--40)\">\n<div class=\"wp-block-buttons is-content-justification-right is-layout-flex wp-container-core-buttons-is-layout-cb58a793 wp-block-buttons-is-layout-flex\">\n<div class=\"wp-block-button\" id=\"Don\"><a class=\"wp-block-button__link has-background wp-element-button\" href=\"https:\/\/cciha.global\/en\/dons\/\" style=\"background-color:#ef1010\" rel=\"https:\/\/cciha.global\/dons\/\">Make a Donation<\/a><\/div>\n<\/div>\n\n\n\n<div class=\"wp-block-cover alignfull is-light\"><img data-recalc-dims=\"1\" loading=\"lazy\" decoding=\"async\" width=\"1024\" height=\"768\" data-attachment-id=\"210\" data-permalink=\"https:\/\/cciha.global\/en\/partenaires\/image-dillustration-des-partenaires-de-la-chambre-a-titre-dexemple\/\" data-orig-file=\"https:\/\/i0.wp.com\/cciha.global\/wp-content\/uploads\/2025\/12\/image-dillustration-des-partenaires-de-la-chambre-a-titre-dexemple.png?fit=1024%2C768&amp;ssl=1\" data-orig-size=\"1024,768\" data-comments-opened=\"1\" data-image-meta=\"{&quot;aperture&quot;:&quot;0&quot;,&quot;credit&quot;:&quot;&quot;,&quot;camera&quot;:&quot;&quot;,&quot;caption&quot;:&quot;&quot;,&quot;created_timestamp&quot;:&quot;0&quot;,&quot;copyright&quot;:&quot;&quot;,&quot;focal_length&quot;:&quot;0&quot;,&quot;iso&quot;:&quot;0&quot;,&quot;shutter_speed&quot;:&quot;0&quot;,&quot;title&quot;:&quot;&quot;,&quot;orientation&quot;:&quot;0&quot;}\" data-image-title=\"image-dillustration-des-partenaires-de-la-chambre-a-titre-dexemple\" data-image-description=\"\" data-image-caption=\"\" data-large-file=\"https:\/\/i0.wp.com\/cciha.global\/wp-content\/uploads\/2025\/12\/image-dillustration-des-partenaires-de-la-chambre-a-titre-dexemple.png?fit=1024%2C768&amp;ssl=1\" class=\"wp-block-cover__image-background wp-image-210 size-full\" alt=\"\" src=\"https:\/\/i0.wp.com\/cciha.global\/wp-content\/uploads\/2025\/12\/image-dillustration-des-partenaires-de-la-chambre-a-titre-dexemple.png?resize=1024%2C768&#038;ssl=1\" data-object-fit=\"cover\" \/><span aria-hidden=\"true\" class=\"wp-block-cover__background has-background-dim\" style=\"background-color:#bbaeaa\"><\/span><div class=\"wp-block-cover__inner-container has-global-padding is-layout-constrained wp-block-cover-is-layout-constrained\">\n<p class=\"wp-block-paragraph\" style=\"font-size:clamp(36.08px, 2.255rem + ((1vw - 3.2px) * 1.847), 66px);\">PARTENAIRES DE LA CHAMBRE <\/p>\n<\/div><\/div>\n<\/div>\n\n\n\n<figure class=\"wp-block-video alignfull wp-block-embed is-type-video is-provider-videopress\"><div class=\"wp-block-embed__wrapper\">\n<iframe title=\"VideoPress Video Player\" aria-label='VideoPress Video Player' width='500' height='281' src='https:\/\/videopress.com\/embed\/7hs6o1rP?cover=1&amp;autoPlay=1&amp;controls=0&amp;preloadContent=metadata&amp;useAverageColor=1&amp;hd=0' frameborder='0' allowfullscreen data-resize-to-parent=\"true\" allow='clipboard-write'><\/iframe><script src='https:\/\/v0.wordpress.com\/js\/next\/videopress-iframe.js?m=1739540970'><\/script>\n<\/div><\/figure>\n\n\n\n<div class=\"wp-block-group alignfull is-style-section-2 has-background is-content-justification-center is-nowrap is-layout-flex wp-container-core-group-is-layout-d413e1c2 wp-block-group-is-layout-flex is-style-section-2--1\" style=\"background-color:#11147d;margin-top:0;margin-bottom:0;padding-top:var(--wp--preset--spacing--40);padding-bottom:var(--wp--preset--spacing--40)\">\n<div class=\"wp-block-columns alignwide is-layout-flex wp-container-core-columns-is-layout-a2e1813e wp-block-columns-is-layout-flex\">\n<div class=\"wp-block-column has-global-padding is-content-justification-left is-layout-constrained wp-container-core-column-is-layout-fdeeef4f wp-block-column-is-layout-constrained\" style=\"flex-basis:100%\">\n<h2 class=\"wp-block-heading has-text-align-center\" style=\"font-size:clamp(36.518px, 2.282rem + ((1vw - 3.2px) * 1.882), 67px);\"><strong>Partenariats internationaux strat\u00e9giques<\/strong><\/h2>\n<\/div>\n<\/div>\n<\/div>\n\n\n\n<div class=\"wp-block-group alignfull is-style-section-2 has-background is-nowrap is-layout-flex wp-container-core-group-is-layout-6b3e678b wp-block-group-is-layout-flex is-style-section-2--2\" style=\"background-color:#11147d;margin-top:0;margin-bottom:0;padding-top:var(--wp--preset--spacing--40);padding-bottom:var(--wp--preset--spacing--40)\">\n<div class=\"wp-block-columns alignwide is-layout-flex wp-container-core-columns-is-layout-a3cd5189 wp-block-columns-is-layout-flex\">\n<div class=\"wp-block-column is-vertically-aligned-center is-layout-flow wp-block-column-is-layout-flow\">\n<figure class=\"wp-block-image\"><img data-recalc-dims=\"1\" loading=\"lazy\" decoding=\"async\" width=\"1920\" height=\"1916\" data-attachment-id=\"198\" data-permalink=\"https:\/\/cciha.global\/en\/partenaires\/backgrounderaser_20251231_122151337\/\" data-orig-file=\"https:\/\/i0.wp.com\/cciha.global\/wp-content\/uploads\/2025\/12\/backgrounderaser_20251231_122151337.png?fit=1920%2C1916&amp;ssl=1\" data-orig-size=\"1920,1916\" data-comments-opened=\"1\" data-image-meta=\"{&quot;aperture&quot;:&quot;0&quot;,&quot;credit&quot;:&quot;&quot;,&quot;camera&quot;:&quot;&quot;,&quot;caption&quot;:&quot;&quot;,&quot;created_timestamp&quot;:&quot;0&quot;,&quot;copyright&quot;:&quot;&quot;,&quot;focal_length&quot;:&quot;0&quot;,&quot;iso&quot;:&quot;0&quot;,&quot;shutter_speed&quot;:&quot;0&quot;,&quot;title&quot;:&quot;&quot;,&quot;orientation&quot;:&quot;0&quot;}\" data-image-title=\"BackgroundEraser_20251231_122151337\" data-image-description=\"\" data-image-caption=\"\" data-large-file=\"https:\/\/i0.wp.com\/cciha.global\/wp-content\/uploads\/2025\/12\/backgrounderaser_20251231_122151337.png?fit=1024%2C1022&amp;ssl=1\" src=\"https:\/\/i0.wp.com\/cciha.global\/wp-content\/uploads\/2025\/12\/backgrounderaser_20251231_122151337.png?resize=1920%2C1916&#038;ssl=1\" alt=\"\" class=\"wp-image-198\" \/><\/figure>\n<\/div>\n\n\n\n<div class=\"wp-block-column is-vertically-aligned-center is-layout-flow wp-block-column-is-layout-flow\">\n<figure class=\"wp-block-gallery has-nested-images columns-default is-cropped wp-block-gallery-3 is-layout-flex wp-block-gallery-is-layout-flex\">\n<figure class=\"wp-block-image size-large\"><img data-recalc-dims=\"1\" loading=\"lazy\" decoding=\"async\" width=\"1920\" height=\"982\" data-attachment-id=\"195\" data-permalink=\"https:\/\/cciha.global\/en\/partenaires\/backgrounderaser_20251231_122059977\/\" data-orig-file=\"https:\/\/i0.wp.com\/cciha.global\/wp-content\/uploads\/2025\/12\/backgrounderaser_20251231_122059977.png?fit=1920%2C982&amp;ssl=1\" data-orig-size=\"1920,982\" data-comments-opened=\"1\" data-image-meta=\"{&quot;aperture&quot;:&quot;0&quot;,&quot;credit&quot;:&quot;&quot;,&quot;camera&quot;:&quot;&quot;,&quot;caption&quot;:&quot;&quot;,&quot;created_timestamp&quot;:&quot;0&quot;,&quot;copyright&quot;:&quot;&quot;,&quot;focal_length&quot;:&quot;0&quot;,&quot;iso&quot;:&quot;0&quot;,&quot;shutter_speed&quot;:&quot;0&quot;,&quot;title&quot;:&quot;&quot;,&quot;orientation&quot;:&quot;0&quot;}\" data-image-title=\"BackgroundEraser_20251231_122059977\" data-image-description=\"\" data-image-caption=\"\" data-large-file=\"https:\/\/i0.wp.com\/cciha.global\/wp-content\/uploads\/2025\/12\/backgrounderaser_20251231_122059977.png?fit=1024%2C524&amp;ssl=1\" data-id=\"195\" src=\"https:\/\/i0.wp.com\/cciha.global\/wp-content\/uploads\/2025\/12\/backgrounderaser_20251231_122059977.png?resize=1920%2C982&#038;ssl=1\" alt=\"\" class=\"wp-image-195\" \/><\/figure>\n<\/figure>\n<\/div>\n\n\n\n<div class=\"wp-block-column is-vertically-aligned-center is-layout-flow wp-block-column-is-layout-flow\">\n<figure class=\"wp-block-image size-full\"><img data-recalc-dims=\"1\" loading=\"lazy\" decoding=\"async\" width=\"1920\" height=\"1916\" data-attachment-id=\"200\" data-permalink=\"https:\/\/cciha.global\/en\/partenaires\/backgrounderaser_20250903_032411654\/\" data-orig-file=\"https:\/\/i0.wp.com\/cciha.global\/wp-content\/uploads\/2025\/12\/backgrounderaser_20250903_032411654.png?fit=1920%2C1916&amp;ssl=1\" data-orig-size=\"1920,1916\" data-comments-opened=\"1\" data-image-meta=\"{&quot;aperture&quot;:&quot;0&quot;,&quot;credit&quot;:&quot;&quot;,&quot;camera&quot;:&quot;&quot;,&quot;caption&quot;:&quot;&quot;,&quot;created_timestamp&quot;:&quot;0&quot;,&quot;copyright&quot;:&quot;&quot;,&quot;focal_length&quot;:&quot;0&quot;,&quot;iso&quot;:&quot;0&quot;,&quot;shutter_speed&quot;:&quot;0&quot;,&quot;title&quot;:&quot;&quot;,&quot;orientation&quot;:&quot;0&quot;}\" data-image-title=\"BackgroundEraser_20250903_032411654\" data-image-description=\"\" data-image-caption=\"\" data-large-file=\"https:\/\/i0.wp.com\/cciha.global\/wp-content\/uploads\/2025\/12\/backgrounderaser_20250903_032411654.png?fit=1024%2C1022&amp;ssl=1\" src=\"https:\/\/i0.wp.com\/cciha.global\/wp-content\/uploads\/2025\/12\/backgrounderaser_20250903_032411654.png?resize=1920%2C1916&#038;ssl=1\" alt=\"\" class=\"wp-image-200\" style=\"aspect-ratio:3\/4;object-fit:cover\" \/><\/figure>\n<\/div>\n\n\n\n<div class=\"wp-block-column is-vertically-aligned-center is-layout-flow wp-block-column-is-layout-flow\">\n<figure class=\"wp-block-image\"><img data-recalc-dims=\"1\" loading=\"lazy\" decoding=\"async\" width=\"315\" height=\"236\" data-attachment-id=\"208\" data-permalink=\"https:\/\/cciha.global\/en\/img-20250926-wa0023-3\/\" data-orig-file=\"https:\/\/i0.wp.com\/cciha.global\/wp-content\/uploads\/2025\/12\/img-20250926-wa0023-edited-1.jpg?fit=315%2C236&amp;ssl=1\" data-orig-size=\"315,236\" data-comments-opened=\"1\" data-image-meta=\"{&quot;aperture&quot;:&quot;0&quot;,&quot;credit&quot;:&quot;&quot;,&quot;camera&quot;:&quot;&quot;,&quot;caption&quot;:&quot;&quot;,&quot;created_timestamp&quot;:&quot;0&quot;,&quot;copyright&quot;:&quot;&quot;,&quot;focal_length&quot;:&quot;0&quot;,&quot;iso&quot;:&quot;0&quot;,&quot;shutter_speed&quot;:&quot;0&quot;,&quot;title&quot;:&quot;&quot;,&quot;orientation&quot;:&quot;0&quot;}\" data-image-title=\"IMG-20250926-WA0023\" data-image-description=\"\" data-image-caption=\"\" data-large-file=\"https:\/\/i0.wp.com\/cciha.global\/wp-content\/uploads\/2025\/12\/img-20250926-wa0023-edited-1.jpg?fit=315%2C236&amp;ssl=1\" src=\"https:\/\/i0.wp.com\/cciha.global\/wp-content\/uploads\/2025\/12\/img-20250926-wa0023-edited-1.jpg?resize=315%2C236&#038;ssl=1\" alt=\"\" class=\"wp-image-208\" \/><\/figure>\n<\/div>\n<\/div>\n<\/div>","protected":false},"excerpt":{"rendered":"<p>Partenariats internationaux strat\u00e9giques<\/p>","protected":false},"author":258727748,"featured_media":0,"parent":0,"menu_order":7,"comment_status":"closed","ping_status":"closed","template":"","meta":{"give_campaign_id":0,"_bbp_topic_count":0,"_bbp_reply_count":0,"_bbp_total_topic_count":0,"_bbp_total_reply_count":0,"_bbp_voice_count":0,"_bbp_anonymous_reply_count":0,"_bbp_topic_count_hidden":0,"_bbp_reply_count_hidden":0,"_bbp_forum_subforum_count":0,"_crdt_document":"","advanced_seo_description":"","jetpack_seo_html_title":"","jetpack_seo_noindex":false,"footnotes":"","big_sky_generated":true},"class_list":["post-15","page","type-page","status-publish","hentry"],"campaignId":"","jetpack_likes_enabled":true,"jetpack_sharing_enabled":true,"jetpack_shortlink":"https:\/\/wp.me\/PgZSQ5-f","jetpack-related-posts":[{"id":472,"url":"https:\/\/cciha.global\/en\/confirmation-de-don\/","url_meta":{"origin":15,"position":0},"title":"Confirmation de Don","author":"","date":"07\/01\/2026","format":false,"excerpt":"Merci pour votre generosite ! Grace a votre contribution, vous participez activement au renforcement des initiatives economiques, sociales et culturelles entre Haiti et l'Afrique.\u00a0 Appel a l'engagement Propositions d'aller plus loin : S'inscrire a la newsletter Devenir membre ou partenaire Suivre la chambre sur les reseaux sociaux Faire un don\u2026","rel":"","context":"Similar post","block_context":{"text":"Similar post","link":""},"img":{"alt_text":"","src":"","width":0,"height":0},"classes":[]},{"id":13,"url":"https:\/\/cciha.global\/en\/dons\/","url_meta":{"origin":15,"position":1},"title":"Don","author":"Lionel Calas","date":"21\/12\/2025","format":false,"excerpt":"Dons et soutien D\u00e9couvrez, \u00e0 travers nos campagnes de don, comment vous pouvez contribuez activement au renforcement des relations \u00e9conomiques, culturelles et entrepreneuriales entre Ha\u00efti et l'Afrique. Supportez n'importe quelle initiative de votre choix. La transparence et la responsabilit\u00e9 sont au coeur de notre engagement. Les fonds collectes sont g\u00e9r\u00e9s\u2026","rel":"","context":"Similar post","block_context":{"text":"Similar post","link":""},"img":{"alt_text":"","src":"https:\/\/i0.wp.com\/cciha.global\/wp-content\/uploads\/2025\/12\/img-20251228-wa0030.jpg?resize=350%2C200&ssl=1","width":350,"height":200,"srcset":"https:\/\/i0.wp.com\/cciha.global\/wp-content\/uploads\/2025\/12\/img-20251228-wa0030.jpg?resize=350%2C200&ssl=1 1x, https:\/\/i0.wp.com\/cciha.global\/wp-content\/uploads\/2025\/12\/img-20251228-wa0030.jpg?resize=525%2C300&ssl=1 1.5x, https:\/\/i0.wp.com\/cciha.global\/wp-content\/uploads\/2025\/12\/img-20251228-wa0030.jpg?resize=700%2C400&ssl=1 2x, https:\/\/i0.wp.com\/cciha.global\/wp-content\/uploads\/2025\/12\/img-20251228-wa0030.jpg?resize=1050%2C600&ssl=1 3x, https:\/\/i0.wp.com\/cciha.global\/wp-content\/uploads\/2025\/12\/img-20251228-wa0030.jpg?resize=1400%2C800&ssl=1 4x"},"classes":[]},{"id":634,"url":"https:\/\/cciha.global\/en\/actualites\/","url_meta":{"origin":15,"position":2},"title":"News","author":"Lionel Calas","date":"06\/02\/2026","format":false,"excerpt":"Actualit\u00e9s et Opportunit\u00e9s Economiques Faire un don https:\/\/youtu.be\/VexkBFd4y2E?si=blAKsLpfL-o7BQYC https:\/\/youtu.be\/pPRZ0PUMVKU?si=9DG97rwIuC1JVBhC C\u00e9r\u00e9monie officielle de lancement de CCIHA Vers la cr\u00e9ation d'une Chambre de Commerce et d'industrie Haitiano-africaine","rel":"","context":"Similar post","block_context":{"text":"Similar post","link":""},"img":{"alt_text":"","src":"https:\/\/i0.wp.com\/cciha.global\/wp-content\/uploads\/2026\/02\/IMG-20260204-WA0028-2.jpg?fit=900%2C1200&ssl=1&resize=350%2C200","width":350,"height":200,"srcset":"https:\/\/i0.wp.com\/cciha.global\/wp-content\/uploads\/2026\/02\/IMG-20260204-WA0028-2.jpg?fit=900%2C1200&ssl=1&resize=350%2C200 1x, https:\/\/i0.wp.com\/cciha.global\/wp-content\/uploads\/2026\/02\/IMG-20260204-WA0028-2.jpg?fit=900%2C1200&ssl=1&resize=525%2C300 1.5x, https:\/\/i0.wp.com\/cciha.global\/wp-content\/uploads\/2026\/02\/IMG-20260204-WA0028-2.jpg?fit=900%2C1200&ssl=1&resize=700%2C400 2x"},"classes":[]},{"id":473,"url":"https:\/\/cciha.global\/en\/le-don-a-echoue\/","url_meta":{"origin":15,"position":3},"title":"Le don a \u00e9chou\u00e9","author":"","date":"07\/01\/2026","format":false,"excerpt":"Nous sommes d\u00e9sol\u00e9s, mais votre transaction a \u00e9chou\u00e9. Veuillez essayer \u00e0 nouveau ou contacter l\u2019assistance du site.","rel":"","context":"Similar post","block_context":{"text":"Similar post","link":""},"img":{"alt_text":"","src":"","width":0,"height":0},"classes":[]},{"id":17,"url":"https:\/\/cciha.global\/en\/formations\/","url_meta":{"origin":15,"position":4},"title":"Formations","author":"Lionel Calas","date":"21\/12\/2025","format":false,"excerpt":"SEMINAIRES ET ATELIERS Faire un Don Transformer vos id\u00e9es en impact. A la Chambre de Commerce et d'Industrie Ha\u00eftianno\u2013Africaine, nous croyons que le savoir n'est pas seulement une ressorce, c'est un veritable moteur de transformation \u00e9conomique. Nous proposons des formations certifiantes con\u00e7ues pour les entrepreneurs, dirigeants et professionnels qui souhaitent\u2026","rel":"","context":"Similar post","block_context":{"text":"Similar post","link":""},"img":{"alt_text":"","src":"https:\/\/i0.wp.com\/cciha.global\/wp-content\/uploads\/2026\/02\/IMG-20260206-WA0039.jpg?resize=350%2C200&ssl=1","width":350,"height":200,"srcset":"https:\/\/i0.wp.com\/cciha.global\/wp-content\/uploads\/2026\/02\/IMG-20260206-WA0039.jpg?resize=350%2C200&ssl=1 1x, https:\/\/i0.wp.com\/cciha.global\/wp-content\/uploads\/2026\/02\/IMG-20260206-WA0039.jpg?resize=525%2C300&ssl=1 1.5x, https:\/\/i0.wp.com\/cciha.global\/wp-content\/uploads\/2026\/02\/IMG-20260206-WA0039.jpg?resize=700%2C400&ssl=1 2x"},"classes":[]},{"id":11,"url":"https:\/\/cciha.global\/en\/services\/","url_meta":{"origin":15,"position":5},"title":"Services","author":"Lionel Calas","date":"21\/12\/2025","format":false,"excerpt":"Faire un Don Nos Services Sc\u00e9nario d\u2019Investissement Illustratif : Projet Agri-Tech Ha\u00efti - Ghana Un exemple concret est la facilitation d'un partenariat Agri-Tech entre Ha\u0131t\u0308 i et le Ghana : Contribution du Ghana : Fourniture de la technologie et de l\u2019expertise en irrigation intelligente. Contribution d\u2019Ha\u0131t\u0308i : Mise a\u0300 disposition\u2026","rel":"","context":"Similar post","block_context":{"text":"Similar post","link":""},"img":{"alt_text":"","src":"https:\/\/i0.wp.com\/cciha.global\/wp-content\/uploads\/2025\/12\/backgrounderaser_20251230_011713937.png?resize=350%2C200","width":350,"height":200,"srcset":"https:\/\/i0.wp.com\/cciha.global\/wp-content\/uploads\/2025\/12\/backgrounderaser_20251230_011713937.png?resize=350%2C200 1x, https:\/\/i0.wp.com\/cciha.global\/wp-content\/uploads\/2025\/12\/backgrounderaser_20251230_011713937.png?resize=525%2C300 1.5x, https:\/\/i0.wp.com\/cciha.global\/wp-content\/uploads\/2025\/12\/backgrounderaser_20251230_011713937.png?resize=700%2C400 2x, https:\/\/i0.wp.com\/cciha.global\/wp-content\/uploads\/2025\/12\/backgrounderaser_20251230_011713937.png?resize=1050%2C600 3x, https:\/\/i0.wp.com\/cciha.global\/wp-content\/uploads\/2025\/12\/backgrounderaser_20251230_011713937.png?resize=1400%2C800 4x"},"classes":[]}],"_links":{"self":[{"href":"https:\/\/cciha.global\/en\/wp-json\/wp\/v2\/pages\/15","targetHints":{"allow":["GET"]}}],"collection":[{"href":"https:\/\/cciha.global\/en\/wp-json\/wp\/v2\/pages"}],"about":[{"href":"https:\/\/cciha.global\/en\/wp-json\/wp\/v2\/types\/page"}],"author":[{"embeddable":true,"href":"https:\/\/cciha.global\/en\/wp-json\/wp\/v2\/users\/258727748"}],"replies":[{"embeddable":true,"href":"https:\/\/cciha.global\/en\/wp-json\/wp\/v2\/comments?post=15"}],"version-history":[{"count":25,"href":"https:\/\/cciha.global\/en\/wp-json\/wp\/v2\/pages\/15\/revisions"}],"predecessor-version":[{"id":454,"href":"https:\/\/cciha.global\/en\/wp-json\/wp\/v2\/pages\/15\/revisions\/454"}],"wp:attachment":[{"href":"https:\/\/cciha.global\/en\/wp-json\/wp\/v2\/media?parent=15"}],"curies":[{"name":"wp","href":"https:\/\/api.w.org\/{rel}","templated":true}]}}